{"id":42,"date":"2025-01-28T10:09:01","date_gmt":"2025-01-28T09:09:01","guid":{"rendered":"https:\/\/violina.si\/home\/"},"modified":"2025-11-18T17:50:14","modified_gmt":"2025-11-18T16:50:14","slug":"home","status":"publish","type":"page","link":"https:\/\/violina.si\/ru\/","title":{"rendered":"\u0434\u043e\u043c\u043e\u0439"},"content":{"rendered":"\n\n\n\n<h2>U\u010dne ure violine in klavirja<\/h2>\n\n\n<h2>U\u010denje violine in klavirja v Ljubljani za vse stopnje znanja <br>\u2013 od za\u010detnikov do bodo\u010dih virtuozov<\/h2>\n\n\n\n\n\n\n<h2>&nbsp;U\u010dne ure violine, klavirja in glasbene teorije za vse generacije in vse nivoje znanja, brez sprejemnih izpitov in \u010dasovnih obvez<img decoding=\"async\" draggable=\"true\" role=\"img\" class=\"emoji\" alt=\"\ud83c\udfb6\" src=\"https:\/\/s.w.org\/images\/core\/emoji\/16.0.1\/svg\/1f3b6.svg\"><\/h2>\n<h3>&nbsp;<img decoding=\"async\" draggable=\"true\" role=\"img\" class=\"emoji\" alt=\"\ud83d\udc49\" src=\"https:\/\/s.w.org\/images\/core\/emoji\/16.0.1\/svg\/1f449.svg\"> Rezervirajte svojo&nbsp;prvo u\u010dno uro in se prepri\u010dajte, kako zabavno in navdihujo\u010de je u\u010denje glasbe!<\/h3>\n\n\n\n\n\n\n\n<h2>PONUJAMO<\/h2>\n\n\n\n\n<p [object NamedNodeMap]><span style=\"font-size: 30px; color: rgb(255, 255, 255);\">U\u010dne ure violine\u2705<\/span><\/p>\n\n\n\n\n<p [object NamedNodeMap]><span style=\"font-size: 30px; color: rgb(255, 255, 255);\">U\u010dne ure klavirja\u2705<\/span><\/p>\n\n\n\n\n<p [object=\"\" namednodemap]=\"\"><span style=\"font-size:30px; color: rgb(255, 255, 255);\">Glasbena spremljava&nbsp;<\/span><\/p><p [object=\"\" namednodemap]=\"\"><span style=\"font-size:30px; color: rgb(255, 255, 255);\">in koncerti\u2705<\/span><\/p>\n\n\n\n\n\n\n\n<h2>&nbsp;<img decoding=\"async\" draggable=\"true\" role=\"img\" class=\"emoji\" alt=\"\ud83c\udfb6\" src=\"https:\/\/s.w.org\/images\/core\/emoji\/16.0.1\/svg\/1f3b6.svg\"> Spoznavna u\u010dna ura<\/h2>\n<p><span style=\"color: rgb(0, 51, 102); font-size: large;\">Na &nbsp;<strong>spoznavni<\/strong> <strong>uri<\/strong> se bomo skupaj podali v svet glasbe \u2013 brez stresa, v spro\u0161\u010denem vzdu\u0161ju. Spoznali bomo va\u0161e dosedanje izku\u0161nje (\u010de jih imate), preverili ob\u010dutek za ritem in posluh, lahko se boste spoznali z instrumentom ter naredili prve korake v svet not in melodij.\n<\/span><\/p>\n<p><span style=\"color: rgb(0, 51, 102); font-size: large;\"><img decoding=\"async\" draggable=\"true\" role=\"img\" class=\"emoji\" alt=\"\ud83d\udc49\" src=\"https:\/\/s.w.org\/images\/core\/emoji\/16.0.1\/svg\/1f449.svg\"> Ura je <strong>spro\u0161\u010dena<\/strong>, <strong>zabavna<\/strong> in <strong>popolnoma<\/strong> <strong>brez<\/strong> <strong>obveznosti<\/strong> \u2013 namenjena je temu, da se spoznate z instrumentom in u\u010diteljico, spoznate kako poteka pouk in ali je to prava pot za vas.\ud83d\udc96<\/span><\/p>\n\n\n\n\n\n\n\n<p>Lorem Ipsum has been the industry&#8217;s standard dummy text ever since the 1500s.<\/p>\n\n\n\n\n<h2> 20 LET IZKU\u0160ENJ NA PODRO\u010cJU POU\u010cEVANJA\u2728<\/h2>\n\n<p><span style=\"color: rgb(255, 255, 255); font-size: large;\">V <strong>Zasebni<\/strong> <strong>glasbeni<\/strong> <strong>\u0161oli<\/strong> <strong>Violina<\/strong>, glasba za\u017eivi na \u010disto poseben na\u010din. Na\u0161e ure violine, klavirja in glasbene teorije so oblikovane tako, da u\u010dencem omogo\u010dajo raziskovanje in izra\u017eanje lastne ustvarjalnosti skozi brez\u010dasno harmonijo glasbe.<img decoding=\"async\" draggable=\"true\" role=\"img\" class=\"emoji\" src=\"https:\/\/s.w.org\/images\/core\/emoji\/15.1.0\/svg\/1f3bc.svg\" alt=\"\ud83c\udfbc\"><\/span><\/p>\n<p><span style=\"color: rgb(255, 255, 255); font-size: large;\">Pri nas lahko tako <strong>za\u010detniki<\/strong> kot <strong>izku\u0161eni<\/strong> glasbeniki, <strong>otroci<\/strong> in <strong>odrasli<\/strong>, najdejo navdih in prilo\u017enost za svoj osebni glasbeni razvoj, saj so u\u010dne ure vedno prilagojene posamezniku.<\/span><\/p>\n\n\n\n\n\n<h2><span style=\"font-weight: normal;\">PRIDRU\u017dITE SE NA\u0160I GLASBENI SKUPNOSTI.<\/span><img decoding=\"async\" draggable=\"true\" role=\"img\" class=\"emoji\" src=\"https:\/\/s.w.org\/images\/core\/emoji\/15.1.0\/svg\/1f44c.svg\" alt=\"\ud83d\udc4c\"><\/h2>\n\n\n\n\n\n\n<h2>o meni<h2>\n\n\n\n\n<p>Lorem Ipsum has been the industry&#8217;s standard dummy text ever since the 1500s.<\/p>\n\n\n\n\n<h2><span style=\"color:#D4AF37;\">\u017divijo!\ud83d\udc4b<\/span><span style=\"color:#D4AF37;\"><span style=\"\"><\/span><\/span><\/h2>\n\n<p><span style=\"color: rgb(0, 51, 102); font-size: large;\">Pozdravljeni in dobrodo\u0161li na spletni strani glasbene \u0161ole Violina. Sem Tatiana, u\u010diteljica <strong>violine<\/strong> in <strong>klavirja<\/strong> ter <strong>glasbene<\/strong> <strong>teorije<\/strong>. Imam <strong>30<\/strong> <strong>let<\/strong> <strong>izku\u0161enj<\/strong> z delom v orkestrih in <strong>20<\/strong> <strong>let<\/strong> <strong>izku\u0161enj<\/strong> z po<span style=\"font-family:Abhaya Libre;\"><\/span>u\u010de<span style=\"font-family:Abhaya Libre;\"><\/span>vanjem zase<span style=\"\"><span style=\"\"><\/span><\/span>bnih glasbenih lekcij za otro<span style=\"font-size:x-large;\"><span style=\"\"><\/span><\/span>ke \u017ee od 1. leta starosti dalje, ter odraslih vseh starosti. <\/span><\/p>\n<p><span style=\"color: rgb(0, 51, 102); font-size: large;\">Glasba je zame mnogo ve\u010d kot le umetnost- je na\u010din izra\u017eanja, \u010dustvovanja in povezovanja z ljudmi. Vsak ton nosi svojo zgodbo, vsaka melodija odpira vrata domi\u0161ljiji. Kot glasbenica in u\u010diteljica vidim glasbo kot most med generacijami, kulturo in srci. Pou\u010devanje mi omogo\u010da, da to strast prenesem naprej, pomagam u\u010dencem razviti njihv talent in jih navdihnem, da v glasbi najdejo svojo pot. Glasba ni le moj poklic- je moje \u017eivljenje, moja strast in moj na\u010din kako prispevam svetu. \n<\/span><\/p>\n\n<p><span\u00a0style=\"color: rgb(0,=\"\" 51,=\"\" 102);=\"\" font-family:=\"\" &quot;abhaya=\"\" libre&quot;;=\"\" font-size:=\"\" large;=\"\" line-height:=\"\" 1;\"=\"\"> <\/span\u00a0style=\"color:><\/p>\n\n\n\n\n\n\n\n\nu\u010denci o nas&#8230;\n\n\n\n<p style=\"caret-color: rgb(0, 0, 0); color: rgb(0, 0, 0); font-family: &quot;Lato 2&quot;, sans-serif, system-ui, -apple-system, &quot;Segoe UI&quot;, Roboto, Ubuntu, Cantarell, &quot;Noto Sans&quot;, sans-serif; font-size: 14px; text-align: start;  justify-content: center; align-items: center;  text-align: center;\"><em><\/em><\/p><p style=\"text-align: center;\"><span style=\"font-size: medium; color: rgb(0, 51, 102);\"><\/span><\/p><p style=\"caret-color: rgb(0, 0, 0); color: rgb(0, 0, 0); font-family: &quot;Lato 2&quot;, sans-serif, system-ui, -apple-system, &quot;Segoe UI&quot;, Roboto, Ubuntu, Cantarell, &quot;Noto Sans&quot;, sans-serif; text-align: center;\"><em><\/em><\/p><p><\/p><span style=\"color:#003366;\"><p style=\"text-align: center;\"><span style=\"font-size: medium;\"><\/span><\/p><p style=\"caret-color: rgb(0, 0, 0); font-family: &quot;Lato 2&quot;, sans-serif, system-ui, -apple-system, &quot;Segoe UI&quot;, Roboto, Ubuntu, Cantarell, &quot;Noto Sans&quot;, sans-serif; text-align: center;\"><em><\/em><\/p><\/span><span style=\"color:#003366;\"><span style=\"\"><p style=\"caret-color: rgb(0, 0, 0); font-family: &quot;Lato 2&quot;, sans-serif, system-ui, -apple-system, &quot;Segoe UI&quot;, Roboto, Ubuntu, Cantarell, &quot;Noto Sans&quot;, sans-serif; text-align: center;\"><em><\/em><\/p><\/span><\/span><span style=\"color:#003366;\"><span style=\"\"><span style=\"\"><p style=\"caret-color: rgb(0, 0, 0); font-family: &quot;Lato 2&quot;, sans-serif, system-ui, -apple-system, &quot;Segoe UI&quot;, Roboto, Ubuntu, Cantarell, &quot;Noto Sans&quot;, sans-serif; text-align: center;\"><em><\/em><\/p><\/span><\/span><\/span><span style=\"color:#003366;\"><span style=\"\"><span style=\"\"><span style=\"\"><p style=\"caret-color: rgb(0, 0, 0); font-family: &quot;Lato 2&quot;, sans-serif, system-ui, -apple-system, &quot;Segoe UI&quot;, Roboto, Ubuntu, Cantarell, &quot;Noto Sans&quot;, sans-serif; text-align: center;\"><em><\/em><\/p><\/span><\/span><\/span><\/span><span style=\"color:#003366;\"><span style=\"\"><span style=\"\"><span style=\"\"><span style=\"\"><p style=\"caret-color: rgb(0, 0, 0); font-family: &quot;Lato 2&quot;, sans-serif, system-ui, -apple-system, &quot;Segoe UI&quot;, Roboto, Ubuntu, Cantarell, &quot;Noto Sans&quot;, sans-serif; text-align: center;\"><em><\/em><\/p><\/span><\/span><\/span><\/span><\/span><span style=\"font-size:large;\"><span style=\"color:#003366;\"><span style=\"\"><span style=\"\"><span style=\"\"><p style=\"caret-color: rgb(0, 0, 0); text-align: center;\"><em style=\"\"><font face=\"Lato 2, sans-serif, system-ui, -apple-system, Segoe UI, Roboto, Ubuntu, Cantarell, Noto Sans, sans-serif\"><\/font><\/em><\/p><\/span><\/span><\/span><\/span><\/span><span style=\"color:#003366;\"><span style=\"font-size:large;\"><span style=\"\"><span style=\"\"><span style=\"\"><span style=\"\"><p style=\"caret-color: rgb(0, 0, 0); text-align: center;\"><em style=\"\"><font face=\"Lato 2, sans-serif, system-ui, -apple-system, Segoe UI, Roboto, Ubuntu, Cantarell, Noto Sans, sans-serif\"><\/font><\/em><\/p><\/span><\/span><\/span><\/span><\/span><\/span><span style=\"color:#003366;\"><span style=\"\"><span style=\"font-size:large;\"><span style=\"\"><span style=\"\"><span style=\"\"><span style=\"\"><p style=\"caret-color: rgb(0, 0, 0); text-align: center;\"><em style=\"color: rgb(0, 51, 102);\"><font face=\"Lato 2, sans-serif, system-ui, -apple-system, Segoe UI, Roboto, Ubuntu, Cantarell, Noto Sans, sans-serif\">&#8221; Do \u017eelje po igranju violine sem pri\u0161el precej pozno, \u0161ele pri 53 letih. In najverjetneje mi ne bi uspelo, \u010de ne bi bilo moje u\u010diteljice. Iskrena hvala Tatjani za njeno neverjetno potrpe\u017eljivost in izjemen pedago\u0161ki talent. &#8220;<\/font><\/em><\/p><\/span><\/span><\/span><\/span><\/span><\/span><\/span><p><span style=\"color: rgb(0, 0, 0);\"><\/span><\/p>\n\n\n<p style=\"caret-color: rgb(0, 0, 0); color: rgb(0, 0, 0); font-family: &quot;Lato 2&quot;, sans-serif, system-ui, -apple-system, &quot;Segoe UI&quot;, Roboto, Ubuntu, Cantarell, &quot;Noto Sans&quot;, sans-serif; font-size: 14px; text-align: start;  justify-content: center; align-items: center;  text-align: center;\"><em><\/em><\/p><p style=\"text-align: center;\"><span style=\"font-size: medium; color: rgb(0, 51, 102);\"><\/span><\/p><p style=\"caret-color: rgb(0, 0, 0); color: rgb(0, 0, 0); font-family: &quot;Lato 2&quot;, sans-serif, system-ui, -apple-system, &quot;Segoe UI&quot;, Roboto, Ubuntu, Cantarell, &quot;Noto Sans&quot;, sans-serif; text-align: center;\"><em><\/em><\/p><p><\/p><span style=\"color:#003366;\"><p style=\"text-align: center;\"><span style=\"font-size: medium;\"><\/span><\/p><p style=\"caret-color: rgb(0, 0, 0); font-family: &quot;Lato 2&quot;, sans-serif, system-ui, -apple-system, &quot;Segoe UI&quot;, Roboto, Ubuntu, Cantarell, &quot;Noto Sans&quot;, sans-serif; text-align: center;\"><em><\/em><\/p><\/span><span style=\"color:#003366;\"><span style=\"\"><p style=\"caret-color: rgb(0, 0, 0); font-family: &quot;Lato 2&quot;, sans-serif, system-ui, -apple-system, &quot;Segoe UI&quot;, Roboto, Ubuntu, Cantarell, &quot;Noto Sans&quot;, sans-serif; text-align: center;\"><em><\/em><\/p><\/span><\/span><span style=\"color:#003366;\"><span style=\"\"><span style=\"\"><p style=\"caret-color: rgb(0, 0, 0); font-family: &quot;Lato 2&quot;, sans-serif, system-ui, -apple-system, &quot;Segoe UI&quot;, Roboto, Ubuntu, Cantarell, &quot;Noto Sans&quot;, sans-serif; text-align: center;\"><em><\/em><\/p><\/span><\/span><\/span><span style=\"color:#003366;\"><span style=\"\"><span style=\"\"><span style=\"\"><p style=\"caret-color: rgb(0, 0, 0); font-family: &quot;Lato 2&quot;, sans-serif, system-ui, -apple-system, &quot;Segoe UI&quot;, Roboto, Ubuntu, Cantarell, &quot;Noto Sans&quot;, sans-serif; text-align: center;\"><em><\/em><\/p><\/span><\/span><\/span><\/span><span style=\"color:#003366;\"><span style=\"\"><span style=\"\"><span style=\"\"><span style=\"\"><p style=\"caret-color: rgb(0, 0, 0); font-family: &quot;Lato 2&quot;, sans-serif, system-ui, -apple-system, &quot;Segoe UI&quot;, Roboto, Ubuntu, Cantarell, &quot;Noto Sans&quot;, sans-serif; text-align: center;\"><em><\/em><\/p><\/span><\/span><\/span><\/span><\/span><span style=\"font-size:large;\"><span style=\"color:#003366;\"><span style=\"\"><span style=\"\"><span style=\"\"><p style=\"caret-color: rgb(0, 0, 0); text-align: center;\"><em style=\"\"><font face=\"Lato 2, sans-serif, system-ui, -apple-system, Segoe UI, Roboto, Ubuntu, Cantarell, Noto Sans, sans-serif\"><\/font><\/em><\/p><\/span><\/span><\/span><\/span><\/span><span style=\"color:#003366;\"><span style=\"font-size:large;\"><span style=\"\"><span style=\"\"><span style=\"\"><span style=\"\"><p style=\"caret-color: rgb(0, 0, 0); text-align: center;\"><em style=\"\"><font face=\"Lato 2, sans-serif, system-ui, -apple-system, Segoe UI, Roboto, Ubuntu, Cantarell, Noto Sans, sans-serif\"><\/font><\/em><\/p><\/span><\/span><\/span><\/span><\/span><\/span><span style=\"color:#003366;\"><span style=\"\"><span style=\"font-size:large;\"><span style=\"\"><span style=\"\"><span style=\"\"><span style=\"\"><p style=\"caret-color: rgb(0, 0, 0); text-align: center;\"><em style=\"color: rgb(0, 51, 102);\"><font face=\"Lato 2, sans-serif, system-ui, -apple-system, Segoe UI, Roboto, Ubuntu, Cantarell, Noto Sans, sans-serif\">&#8221; Z velikim veseljem in hvale\u017enostjo \u017eelim deliti svoje izku\u0161nje z urami violine pri u\u010diteljici Tatjani Beglovi. K njej sem pri\u0161la z \u017eeljo obnoviti izgubljene ve\u0161\u010dine iz&nbsp;<\/font>\u0161olskega&nbsp;<font face=\"Lato 2, sans-serif, system-ui, -apple-system, Segoe UI, Roboto, Ubuntu, Cantarell, Noto Sans, sans-serif\">programa in po dvajsetletnem premoru znova odkriti in\u0161trument. Prav tako sem si \u017eelela spremeniti svoje dojemanje glasbenih ur \u2013 iz stroge \u0161olske discipline v prijetno in \u010darobno interakcijo z in\u0161trumentom. &#8220;<\/font><\/em><\/p><\/span><\/span><\/span><\/span><\/span><\/span><\/span><p><span style=\"color: rgb(0, 0, 0);\"><\/span><\/p>\n\n\n<p style=\"caret-color: rgb(0, 0, 0); color: rgb(0, 0, 0); font-family: &quot;Lato 2&quot;, sans-serif, system-ui, -apple-system, &quot;Segoe UI&quot;, Roboto, Ubuntu, Cantarell, &quot;Noto Sans&quot;, sans-serif; font-size: 14px; text-align: start;  justify-content: center; align-items: center;  text-align: center;\"><em><\/em><\/p><p style=\"text-align: center;\"><span style=\"font-size: medium; color: rgb(0, 51, 102);\"><\/span><\/p><p style=\"caret-color: rgb(0, 0, 0); color: rgb(0, 0, 0); font-family: &quot;Lato 2&quot;, sans-serif, system-ui, -apple-system, &quot;Segoe UI&quot;, Roboto, Ubuntu, Cantarell, &quot;Noto Sans&quot;, sans-serif; text-align: center;\"><em><\/em><\/p><p><\/p><span style=\"color:#003366;\"><p style=\"text-align: center;\"><span style=\"font-size: medium;\"><\/span><\/p><p style=\"caret-color: rgb(0, 0, 0); font-family: &quot;Lato 2&quot;, sans-serif, system-ui, -apple-system, &quot;Segoe UI&quot;, Roboto, Ubuntu, Cantarell, &quot;Noto Sans&quot;, sans-serif; text-align: center;\"><em><\/em><\/p><\/span><span style=\"color:#003366;\"><span style=\"\"><p style=\"caret-color: rgb(0, 0, 0); font-family: &quot;Lato 2&quot;, sans-serif, system-ui, -apple-system, &quot;Segoe UI&quot;, Roboto, Ubuntu, Cantarell, &quot;Noto Sans&quot;, sans-serif; text-align: center;\"><em><\/em><\/p><\/span><\/span><span style=\"color:#003366;\"><span style=\"\"><span style=\"\"><p style=\"caret-color: rgb(0, 0, 0); font-family: &quot;Lato 2&quot;, sans-serif, system-ui, -apple-system, &quot;Segoe UI&quot;, Roboto, Ubuntu, Cantarell, &quot;Noto Sans&quot;, sans-serif; text-align: center;\"><em><\/em><\/p><\/span><\/span><\/span><span style=\"color:#003366;\"><span style=\"\"><span style=\"\"><span style=\"\"><p style=\"caret-color: rgb(0, 0, 0); font-family: &quot;Lato 2&quot;, sans-serif, system-ui, -apple-system, &quot;Segoe UI&quot;, Roboto, Ubuntu, Cantarell, &quot;Noto Sans&quot;, sans-serif; text-align: center;\"><em><\/em><\/p><\/span><\/span><\/span><\/span><span style=\"color:#003366;\"><span style=\"\"><span style=\"\"><span style=\"\"><span style=\"\"><p style=\"caret-color: rgb(0, 0, 0); font-family: &quot;Lato 2&quot;, sans-serif, system-ui, -apple-system, &quot;Segoe UI&quot;, Roboto, Ubuntu, Cantarell, &quot;Noto Sans&quot;, sans-serif; text-align: center;\"><em><\/em><\/p><\/span><\/span><\/span><\/span><\/span><span style=\"font-size:large;\"><span style=\"color:#003366;\"><span style=\"\"><span style=\"\"><span style=\"\"><p style=\"caret-color: rgb(0, 0, 0); text-align: center;\"><em style=\"\"><font face=\"Lato 2, sans-serif, system-ui, -apple-system, Segoe UI, Roboto, Ubuntu, Cantarell, Noto Sans, sans-serif\"><\/font><\/em><\/p><\/span><\/span><\/span><\/span><\/span><span style=\"color:#003366;\"><span style=\"font-size:large;\"><span style=\"\"><span style=\"\"><span style=\"\"><span style=\"\"><p style=\"caret-color: rgb(0, 0, 0); text-align: center;\"><em style=\"\"><font face=\"Lato 2, sans-serif, system-ui, -apple-system, Segoe UI, Roboto, Ubuntu, Cantarell, Noto Sans, sans-serif\"><\/font><\/em><\/p><\/span><\/span><\/span><\/span><\/span><\/span><span style=\"color:#003366;\"><span style=\"\"><span style=\"font-size:large;\"><span style=\"\"><span style=\"\"><span style=\"\"><span style=\"\"><p style=\"caret-color: rgb(0, 0, 0); text-align: center;\"><em style=\"color: rgb(0, 51, 102);\"><font face=\"Lato 2, sans-serif, system-ui, -apple-system, Segoe UI, Roboto, Ubuntu, Cantarell, Noto Sans, sans-serif\">&#8221; Ure so vedno zanimive in raznolike, vedno ima na zalogi zanimive skladbe. \u010cudovita u\u010diteljica. Hvala za vse ure. V mojem srcu bo za vedno ostala toplina spominov na najina sre\u010danja. &#8220;<\/font><\/em><\/p><\/span><\/span><\/span><\/span><\/span><\/span><\/span><p><span style=\"color: rgb(0, 0, 0);\"><\/span><\/p>\n\n\n\n\n\n\n\npi\u0161ite nam\n\n\n<h3><strong>Bi se radi prijavili na u\u010dno uro, potrebujete dodatne informacije ali pa imate vpra\u0161anje? Pi\u0161ite nam!<img decoding=\"async\" draggable=\"true\" role=\"img\" class=\"emoji\" alt=\"\ud83d\udc96\" src=\"https:\/\/s.w.org\/images\/core\/emoji\/15.1.0\/svg\/1f496.svg\"><\/strong><\/h3>\nBi se radi prijavili na u\u010dno uro, imati vpra\u0161anja ali potrebujete dodatne informacije? Pi\u0161ite nam! Veselimo se va\u0161ih sporo\u010dil\n\n\n\n\n\n\n\n\n\n\n\n\n\nLorem Ipsum has been the industry&#8217;s standard dummy text ever since the 1500s, when an unknown printer took a galley of type and scrambled it to make a type specimen book.\n\n\n\n\n\n\n<div class=\"pagelayer-owl-nav disabled\"><button type=\"button\" role=\"presentation\" class=\"pagelayer-owl-prev\"><span aria-label=\"Previous\">\u2039<\/span><\/button><button type=\"button\" role=\"presentation\" class=\"pagelayer-owl-next\"><span aria-label=\"Next\">\u203a<\/span><\/button><\/div>\n","protected":false},"excerpt":{"rendered":"","protected":false},"author":1,"featured_media":0,"parent":0,"menu_order":0,"comment_status":"closed","ping_status":"closed","template":"","meta":{"pagelayer_contact_templates":[],"_pagelayer_content":"","footnotes":""},"class_list":["post-42","page","type-page","status-publish","hentry"],"_links":{"self":[{"href":"https:\/\/violina.si\/ru\/wp-json\/wp\/v2\/pages\/42","targetHints":{"allow":["GET"]}}],"collection":[{"href":"https:\/\/violina.si\/ru\/wp-json\/wp\/v2\/pages"}],"about":[{"href":"https:\/\/violina.si\/ru\/wp-json\/wp\/v2\/types\/page"}],"author":[{"embeddable":true,"href":"https:\/\/violina.si\/ru\/wp-json\/wp\/v2\/users\/1"}],"replies":[{"embeddable":true,"href":"https:\/\/violina.si\/ru\/wp-json\/wp\/v2\/comments?post=42"}],"version-history":[{"count":150,"href":"https:\/\/violina.si\/ru\/wp-json\/wp\/v2\/pages\/42\/revisions"}],"predecessor-version":[{"id":1309,"href":"https:\/\/violina.si\/ru\/wp-json\/wp\/v2\/pages\/42\/revisions\/1309"}],"wp:attachment":[{"href":"https:\/\/violina.si\/ru\/wp-json\/wp\/v2\/media?parent=42"}],"curies":[{"name":"wp","href":"https:\/\/api.w.org\/{rel}","templated":true}]}}