{"id":490,"date":"2025-02-07T08:29:58","date_gmt":"2025-02-07T07:29:58","guid":{"rendered":"https:\/\/violina.si\/?page_id=490"},"modified":"2025-08-04T20:56:13","modified_gmt":"2025-08-04T18:56:13","slug":"musical-accompaniment-2","status":"publish","type":"page","link":"https:\/\/violina.si\/en\/musical-accompaniment-2\/","title":{"rendered":"Musical accompaniment"},"content":{"rendered":"\n\n\n\n\n<h1>GLASBENA SPREMLJAVA ZA POSEBNE DOGODKE<\/h1>\n\n\n\n\n\n\n\n\n\n<p>obogatite dogodek z \u017eivo glasbo <\/p>\n\n\n\n\n\n<h5><font color=\"#000000\"><span style=\"caret-color: rgb(0, 0, 0);\">\ud83c\udfb6\u00a0<\/span><\/font><strong>Obogatite svoj dogodek<\/strong> z \u017eivo glasbo, ki bo ustvarila pravo vzdu\u0161je za vse udele\u017eence.<\/h5>\n\n\n\n<h5 [object NamedNodeMap]><span style=\"caret-color: rgb(0, 0, 0);\">\ud83c\udfb6\u00a0<\/span><strong>Primerna za razli\u010dne dogodke<\/strong>, kot so razstave, sprejemi, predstavitve, praznovanja in romanti\u010dni ve\u010deri.<\/h5>\n\n\n\n<h5 [object NamedNodeMap]><span style=\"caret-color: rgb(0, 0, 0);\">\ud83c\udfb6\u00a0<\/span><strong>Prilagodimo glasbo va\u0161im potrebam<\/strong> \u2013 od glasbe v ozadju do energi\u010dnih nastopov, ki popestrijo vsak trenutek.<\/h5>\n\n\n\n<h5 [object NamedNodeMap]><span style=\"caret-color: rgb(0, 0, 0);\"><img decoding=\"async\" draggable=\"true\" role=\"img\" class=\"emoji\" src=\"https:\/\/s.w.org\/images\/core\/emoji\/16.0.1\/svg\/1f3b6.svg\" alt=\"\ud83c\udfb6\">\u00a0<\/span><strong>Pripravljen repertoar, ki se lahko prilagodi glede na \u017eelje stranke.<\/strong><\/h5>\n\n\n\n<h5 [object NamedNodeMap]><span style=\"caret-color: rgb(0, 0, 0);\"><img decoding=\"async\" draggable=\"true\" role=\"img\" class=\"emoji\" src=\"https:\/\/s.w.org\/images\/core\/emoji\/16.0.1\/svg\/1f3b6.svg\" alt=\"\ud83c\udfb6\">\u00a0Ponujamo tudi storitev glasbe na pogrebih.<\/span><\/h5>\n\n\n\n\n\n<ul style=\"font-family: Poppins;\"><li style=\"font-size: medium;\">60 minut &#8211;<span style=\"font-family:Poppins;\"> <\/span>155\u20ac<\/li><\/ul>\n\n\n\n<ul style=\"font-family: Poppins;\"><li style=\"font-size: medium;\">60 minut &#8211;<span style=\"font-family:Poppins;\">&nbsp;235<\/span>\u20ac<\/li><\/ul>\n\n\n\n<ul style=\"font-family: Poppins;\"><li style=\"font-size: medium;\"><span style=\"font-family:Poppins;\">&nbsp;535<\/span>\u20ac<\/li><\/ul>\n\n\n\n\n\n\n\n<p>Lorem Ipsum has been the industry&#8217;s standard dummy text ever since the 1500s.<\/p>\n\n\n\n\n\n<h5><font color=\"#000000\"><span style=\"caret-color: rgb(0, 0, 0);\"><img decoding=\"async\" draggable=\"true\" role=\"img\" class=\"emoji\" src=\"https:\/\/s.w.org\/images\/core\/emoji\/15.1.0\/svg\/1f3b6.svg\" alt=\"\ud83c\udfb6\">\u00a0<\/span><\/font><strong>Na\u0161a glasbena spremljava bo va\u0161emu dogodku dodala posebno noto, ki bo ustvarila pravo vzdu\u0161je za vse udele\u017eence. Glasbena spremljava je izvedena s strani izku\u0161enih glasbenikov, ki se prilagodimo va\u0161im \u017eeljam in naredimo vsak trenutek nepozaben. Bodisi gre za eleganten sprejem ali zabavno praznovanje, poskrbimo, da glasba popolnoma dopolni va\u0161 dogodek.<\/strong><\/h5>\n\n\n\n<p [object NamedNodeMap]><\/p>\n\n\n\n\n\n\n\n<p>\u010dudovita glasbena spremljava za vsako prilo\u017enost<\/p>\n\n\n\n<p>Glasbena spremljava za posebne dogodke ustvarja edinstveno vzdu\u0161je in \u010dustvene trenutke, ki bodo va\u0161 dogodek naredili nepozaben. S prilagodljivo izbiro glasbenih stilov in profesionalno izvedbo boste zagotovili popolno izku\u0161njo za vse udele\u017eence.<\/p>\n\n\n\n\n","protected":false},"excerpt":{"rendered":"","protected":false},"author":2,"featured_media":0,"parent":0,"menu_order":0,"comment_status":"closed","ping_status":"closed","template":"","meta":{"pagelayer_contact_templates":[],"_pagelayer_content":"","footnotes":""},"class_list":["post-490","page","type-page","status-publish","hentry"],"_links":{"self":[{"href":"https:\/\/violina.si\/en\/wp-json\/wp\/v2\/pages\/490","targetHints":{"allow":["GET"]}}],"collection":[{"href":"https:\/\/violina.si\/en\/wp-json\/wp\/v2\/pages"}],"about":[{"href":"https:\/\/violina.si\/en\/wp-json\/wp\/v2\/types\/page"}],"author":[{"embeddable":true,"href":"https:\/\/violina.si\/en\/wp-json\/wp\/v2\/users\/2"}],"replies":[{"embeddable":true,"href":"https:\/\/violina.si\/en\/wp-json\/wp\/v2\/comments?post=490"}],"version-history":[{"count":16,"href":"https:\/\/violina.si\/en\/wp-json\/wp\/v2\/pages\/490\/revisions"}],"predecessor-version":[{"id":1270,"href":"https:\/\/violina.si\/en\/wp-json\/wp\/v2\/pages\/490\/revisions\/1270"}],"wp:attachment":[{"href":"https:\/\/violina.si\/en\/wp-json\/wp\/v2\/media?parent=490"}],"curies":[{"name":"wp","href":"https:\/\/api.w.org\/{rel}","templated":true}]}}