{"id":480,"date":"2025-02-07T08:12:46","date_gmt":"2025-02-07T07:12:46","guid":{"rendered":"https:\/\/violina.si\/?page_id=480"},"modified":"2025-09-29T08:51:22","modified_gmt":"2025-09-29T06:51:22","slug":"piano","status":"publish","type":"page","link":"https:\/\/violina.si\/en\/piano\/","title":{"rendered":"Piano"},"content":{"rendered":"\n\n\n\n<h1>U\u010cNE URE KLAVIRJA<\/h1>\n\n\n\n\n\n\n\n<p>u\u010denje klavirja za vse generacije:<\/p>\n\n\n\n<h5 [object NamedNodeMap]><span style=\"caret-color: rgb(0, 0, 0); color: rgb(0, 0, 0); font-family: -webkit-standard; font-size: medium; letter-spacing: normal; text-decoration-style: initial;\">\u2705\u00a0<\/span><strong>Splo\u0161na glasbena osnova<\/strong>: Klavir je odli\u010den za razumevanje glasbene teorije, saj omogo\u010da enostavno vizualizacijo tonalnosti, akordov in melodij.<\/h5>\n\n\n<p><span style=\"caret-color: rgb(0, 0, 0); color: rgb(0, 0, 0); font-family: -webkit-standard; font-size: medium; letter-spacing: normal; text-decoration-style: initial;\">\u2705\u00a0<\/span><strong>Enostavno za u\u010denje osnov<\/strong>: Za za\u010detnike je la\u017eje za\u010deti z igranjem na klavirju, saj lahko preprosto igrajo na tipke brez potrebnega zapletenega usklajevanja prstov (kot pri drugih instrumentih).<\/p>\n\n\n<p><span style=\"caret-color: rgb(0, 0, 0); color: rgb(0, 0, 0); font-family: -webkit-standard; font-size: medium; letter-spacing: normal; text-decoration-style: initial;\">\u2705\u00a0<\/span><strong>Razvijanje vseh glasbenih ve\u0161\u010din<\/strong>: U\u010denje klavirja razvija ritem, koordinacijo, branje not in sposobnost igranja z obema rokama, kar koristi tudi pri u\u010denju drugih instrumentov.<\/p>\n\n\n\n<ul style=\"font-family: Poppins;\"><li style=\"font-size: medium;\">30 minut &#8211;<span style=\"font-family:Poppins;\">&nbsp;30<\/span>\u20ac<\/li><li style=\"font-size: medium;\">45 minut &#8211; 35\u20ac<\/li><span style=\"font-size:medium;\"><li>60 minut &#8211; 40\u20ac<\/li><\/span><\/ul>\n<ul style=\"font-family: Poppins;\"><li style=\"font-size: medium;\">30 minut &#8211;<span style=\"font-family:Poppins;\"> <\/span>25\u20ac<\/li><li style=\"font-size: medium;\">45 minut &#8211; 30\u20ac<\/li><span style=\"font-size:medium;\"><li>60 minut &#8211; 35\u20ac<\/li><\/span><\/ul>\n\n\n\n\n\n<p>Lorem Ipsum has been the industry&#8217;s standard dummy text ever since the 1500s.<\/p>\n\n\n\n\n\n<p>za koga so u\u010dne ure klavirja primerne?<\/p>\n\n\n\n<h5><span style=\"caret-color: rgb(0, 0, 0); color: rgb(0, 0, 0); font-family: -webkit-standard; font-size: medium; letter-spacing: normal; text-decoration-style: initial;\">\u2705\u00a0<\/span><strong>Otroke<\/strong>: Za\u010detnike, ki \u017eelijo za\u010deti z glasbo, ter tiste z glasbenim talentom. Spodbuja koncentracijo, disciplino in glasbeni razvoj.<\/h5>\n\n\n<h5><span style=\"caret-color: rgb(0, 0, 0); color: rgb(0, 0, 0); font-family: -webkit-standard; font-size: medium; letter-spacing: normal; text-decoration-style: initial;\">\u2705\u00a0<\/span><strong>Odrasle<\/strong>: Za tiste, ki \u017eelijo za\u010deti u\u010diti klavir, se vrniti k njemu po dolgem premoru ali se izpopolniti v igranju.<\/h5>\n\n\n<h5 style=\"color: rgb(0, 51, 102);\"><span style=\"caret-color: rgb(0, 0, 0); color: rgb(0, 0, 0); font-family: -webkit-standard; font-size: medium; letter-spacing: normal; text-decoration-style: initial;\">\u2705&nbsp;<\/span><strong>Vse starostne skupine<\/strong>: Ljubitelje glasbe, tiste, ki i\u0161\u010dejo izziv, in tiste, ki \u017eelijo izbolj\u0161ati koordinacijo in koncentracijo.<\/h5><p><\/p>\n\n\n<h5 style=\"color: rgb(0, 51, 102);\"><span style=\"caret-color: rgb(0, 0, 0); color: rgb(0, 51, 102); font-family: -webkit-standard; font-size: medium; letter-spacing: normal; text-decoration-style: initial;\">\u2705 U\u010dne ure <span style=\"color:#003366;\">klavirja<\/span> potekajo na osnovnem nivoju.<\/span><\/h5><p><\/p>\n\n\n\n\n\n\n<p>ste pripravljeni pri\u010deti z u\u010denjem?<\/p>\n\n\n<p><strong>Za\u010dnite svojo glasbeno pot z u\u010denjem klavirja!<\/strong> Rezervirajte u\u010dno uro \u0161e danes in razvijajte svoje glasbene sposobnosti z izku\u0161enimi u\u010ditelji.<\/p>\n\n\n\n\n","protected":false},"excerpt":{"rendered":"","protected":false},"author":2,"featured_media":0,"parent":0,"menu_order":0,"comment_status":"closed","ping_status":"closed","template":"","meta":{"pagelayer_contact_templates":[],"_pagelayer_content":"","footnotes":""},"class_list":["post-480","page","type-page","status-publish","hentry"],"_links":{"self":[{"href":"https:\/\/violina.si\/en\/wp-json\/wp\/v2\/pages\/480","targetHints":{"allow":["GET"]}}],"collection":[{"href":"https:\/\/violina.si\/en\/wp-json\/wp\/v2\/pages"}],"about":[{"href":"https:\/\/violina.si\/en\/wp-json\/wp\/v2\/types\/page"}],"author":[{"embeddable":true,"href":"https:\/\/violina.si\/en\/wp-json\/wp\/v2\/users\/2"}],"replies":[{"embeddable":true,"href":"https:\/\/violina.si\/en\/wp-json\/wp\/v2\/comments?post=480"}],"version-history":[{"count":15,"href":"https:\/\/violina.si\/en\/wp-json\/wp\/v2\/pages\/480\/revisions"}],"predecessor-version":[{"id":1259,"href":"https:\/\/violina.si\/en\/wp-json\/wp\/v2\/pages\/480\/revisions\/1259"}],"wp:attachment":[{"href":"https:\/\/violina.si\/en\/wp-json\/wp\/v2\/media?parent=480"}],"curies":[{"name":"wp","href":"https:\/\/api.w.org\/{rel}","templated":true}]}}