{"id":438,"date":"2025-02-06T11:29:44","date_gmt":"2025-02-06T10:29:44","guid":{"rendered":"https:\/\/violina.si\/?page_id=438"},"modified":"2025-09-29T09:09:21","modified_gmt":"2025-09-29T07:09:21","slug":"violin","status":"publish","type":"page","link":"https:\/\/violina.si\/en\/violin\/","title":{"rendered":"Violin"},"content":{"rendered":"\n\n\n\n<h1>U\u010cNE URE VIOLINE<\/h1>\n\n\n\n\n\n\n<p>Lorem Ipsum has been the industry&#8217;s standard dummy text ever since the 1500s.<\/p>\n\n\n\n\n\n<p>za koga so u\u010dne ure primerne?<\/p>\n\n\n<h5><span style=\"caret-color: rgb(0, 0, 0); color: rgb(0, 0, 0); font-family: -webkit-standard; font-size: medium; letter-spacing: normal; text-decoration-style: initial;\"><img decoding=\"async\" draggable=\"true\" role=\"img\" class=\"emoji\" alt=\"\u2705\" src=\"https:\/\/s.w.org\/images\/core\/emoji\/15.1.0\/svg\/2705.svg\">&nbsp;<\/span><strong>Otroke<\/strong>: Za\u010detnike, ki \u017eelijo za\u010deti z glasbo, ter tiste z glasbenim talentom, \u017ce od 1. leta starosti dalje.<\/h5>\n<h5><span style=\"caret-color: rgb(0, 0, 0); color: rgb(0, 0, 0); font-family: -webkit-standard; font-size: medium; letter-spacing: normal; text-decoration-style: initial;\"><img decoding=\"async\" draggable=\"true\" role=\"img\" class=\"emoji\" alt=\"\u2705\" src=\"https:\/\/s.w.org\/images\/core\/emoji\/15.1.0\/svg\/2705.svg\">&nbsp;<\/span><strong>Odrasle<\/strong>: Za tiste, ki se prvi\u010d spoznavajo z in\u0161trumentom, se vrniti k njemu po dolgem premoru ali se izpopolniti v igranju.<\/h5>\n\n<h5 style=\"color: rgb(0, 51, 102);\"><span style=\"caret-color: rgb(0, 0, 0); color: rgb(0, 0, 0); font-family: -webkit-standard; font-size: medium; letter-spacing: normal; text-decoration-style: initial;\">\u2705&nbsp;<\/span><strong>Vse starostne skupine<\/strong>: Ljubitelje glasbe, tiste, ki i\u0161\u010dejo izziv, in tiste, ki \u017eelijo izbolj\u0161ati koordinacijo in koncentracijo.<\/h5><p><\/p>\n\n\n\n\n\n\n\n<p>zakaj se u\u010diti igrati violino?<\/p>\n\n\n\n<h5 [object NamedNodeMap]><span style=\"caret-color: rgb(0, 0, 0); font-family: -webkit-standard; font-size: medium; letter-spacing: normal; text-decoration-style: initial;\">\u2705 U\u010denje violine prina\u0161a \u0161tevilne koristi, tako za um kot za telo. Spodbuja<span class=\"Apple-converted-space\">\u00a0<\/span><\/span><strong style=\"caret-color: rgb(0, 0, 0); letter-spacing: normal; text-decoration-style: initial;\">spomin, koncentracijo in koordinacijo<\/strong><span style=\"caret-color: rgb(0, 0, 0); font-family: -webkit-standard; font-size: medium; letter-spacing: normal; text-decoration-style: initial;\">, saj zahteva natan\u010dno uho in hitre prste. Violina omogo\u010da<span class=\"Apple-converted-space\">\u00a0<\/span><\/span><strong style=\"caret-color: rgb(0, 0, 0); letter-spacing: normal; text-decoration-style: initial;\">izraznost in \u010dustveno globino<\/strong><span style=\"caret-color: rgb(0, 0, 0);  font-family: -webkit-standard; font-size: medium; letter-spacing: normal; text-decoration-style: initial;\">, saj lahko z njo izra\u017eamo veselje, strast ali melanholijo.<\/span><\/h5>\n\n\n<p [object NamedNodeMap]><span style=\"caret-color: rgb(0, 0, 0); font-family: -webkit-standard; font-size: medium; letter-spacing: normal; text-decoration-style: initial;\">\u2705 Poleg tega krepi<span class=\"Apple-converted-space\">\u00a0<\/span><\/span><strong style=\"caret-color: rgb(0, 0, 0); letter-spacing: normal; text-decoration-style: initial;\">potrpe\u017eljivost in disciplino<\/strong><span style=\"caret-color: rgb(0, 0, 0); font-family: -webkit-standard; font-size: medium; letter-spacing: normal; text-decoration-style: initial;\">, saj zahteva redno vadbo, hkrati pa ponuja veliko zadovoljstva ob napredku. Igranje v orkestru ali ansamblu pa prina\u0161a<span class=\"Apple-converted-space\">\u00a0<\/span><\/span><strong style=\"caret-color: rgb(0, 0, 0); letter-spacing: normal; text-decoration-style: initial;\">veselje do sodelovanja in samozavest pri nastopanju<\/strong><span style=\"caret-color: rgb(0, 0, 0); font-family: -webkit-standard; font-size: medium; letter-spacing: normal; text-decoration-style: initial;\">.<\/span><\/p>\n\n\n<p><span style=\"caret-color: rgb(0, 0, 0);  font-family: -webkit-standard; font-size: medium; letter-spacing: normal; text-decoration-style: initial;\">\u2705 Violina je ve\u010d kot glasbilo \u2013 je umetnost, ki bogati \u017eivljenje!<span class=\"Apple-converted-space\">\u00a0<\/span><\/span><\/p>\n\n\n\n<ul style=\"font-family: Poppins;\"><li style=\"font-size: medium;\">30 minut &#8211;<span style=\"font-family:Poppins;\">&nbsp;30<\/span>\u20ac<\/li><li style=\"font-size: medium;\">45 minut &#8211; 35\u20ac<\/li><span style=\"font-size:medium;\"><li>60 minut &#8211; 40\u20ac<\/li><\/span><\/ul>\n<ul style=\"font-family: Poppins;\"><li style=\"font-size: medium;\">30 minut &#8211;<span style=\"font-family:Poppins;\"> <\/span>25\u20ac<\/li><li style=\"font-size: medium;\">45 minut &#8211; 30\u20ac<\/li><span style=\"font-size:medium;\"><li>60 minut &#8211; 35\u20ac<\/li><\/span><\/ul>\n\n\n\n\n\n<p>ste pripravljeni pri\u010deti z u\u010denjem?<\/p>\n\n\n<p>Ne glede na to, ali ste za\u010detnik ali \u017ee imate izku\u0161nje, na\u0161i strokovni u\u010ditelji vam bodo pomagali dose\u010di va\u0161e glasbene cilje! U\u010denje violine je odli\u010den na\u010din za spodbujanje ustvarjalnosti in izbolj\u0161anje koncentracije.<\/p>\n\n\n\n\n","protected":false},"excerpt":{"rendered":"","protected":false},"author":2,"featured_media":0,"parent":0,"menu_order":0,"comment_status":"closed","ping_status":"closed","template":"","meta":{"pagelayer_contact_templates":[],"_pagelayer_content":"","footnotes":""},"class_list":["post-438","page","type-page","status-publish","hentry"],"_links":{"self":[{"href":"https:\/\/violina.si\/en\/wp-json\/wp\/v2\/pages\/438","targetHints":{"allow":["GET"]}}],"collection":[{"href":"https:\/\/violina.si\/en\/wp-json\/wp\/v2\/pages"}],"about":[{"href":"https:\/\/violina.si\/en\/wp-json\/wp\/v2\/types\/page"}],"author":[{"embeddable":true,"href":"https:\/\/violina.si\/en\/wp-json\/wp\/v2\/users\/2"}],"replies":[{"embeddable":true,"href":"https:\/\/violina.si\/en\/wp-json\/wp\/v2\/comments?post=438"}],"version-history":[{"count":23,"href":"https:\/\/violina.si\/en\/wp-json\/wp\/v2\/pages\/438\/revisions"}],"predecessor-version":[{"id":1260,"href":"https:\/\/violina.si\/en\/wp-json\/wp\/v2\/pages\/438\/revisions\/1260"}],"wp:attachment":[{"href":"https:\/\/violina.si\/en\/wp-json\/wp\/v2\/media?parent=438"}],"curies":[{"name":"wp","href":"https:\/\/api.w.org\/{rel}","templated":true}]}}